{"id":5714,"date":"2025-10-20T13:06:29","date_gmt":"2025-10-20T11:06:29","guid":{"rendered":"https:\/\/pcpaparking.es\/terminos-y-condiciones\/"},"modified":"2026-03-30T13:01:05","modified_gmt":"2026-03-30T11:01:05","slug":"terminos-y-condiciones","status":"publish","type":"page","link":"https:\/\/pcpaparking.es\/en\/terminos-y-condiciones\/","title":{"rendered":"T\u00e9rminos y condiciones"},"content":{"rendered":"\n<h2 class=\"wp-block-heading\">1. Responsabilidades de la empresa<\/h2>\n\n\n\n<p><em><strong>1.1 Seguridad del recinto:<\/strong><\/em><br>La empresa har\u00e1 todos los esfuerzos posibles por mantener el parking protegido de posibles robos o ataques externos, dotando de&nbsp;<strong>vallado completo y vigilancia 24 horas<\/strong>&nbsp;al recinto. Los trabajadores tienen orden de mantener fuera del parking a toda persona no autorizada.<\/p>\n\n\n\n<p>Si el parking fuera v\u00edctima del robo de alg\u00fan veh\u00edculo o piezas de este, la empresa ayudar\u00e1, cooperar\u00e1 e investigar\u00e1 todo lo necesario para esclarecer lo ocurrido, siendo denunciante si fuese necesario. No obstante, no ser\u00e1 responsable de los veh\u00edculos o las piezas que hayan sido sustra\u00eddas.<\/p>\n\n\n\n<p><em><strong>1.2 Da\u00f1os en los veh\u00edculos:<\/strong><\/em><br>Los posibles ara\u00f1azos, golpes o da\u00f1os entre veh\u00edculos de clientes ser\u00e1n arreglados&nbsp;<strong>conforme a sus seguros particulares<\/strong>, no siendo necesaria la actuaci\u00f3n de la empresa m\u00e1s que para ayudar en esclarecer el incidente. En cualquier caso, el cliente deber\u00e1 aportar im\u00e1genes del veh\u00edculo en nuestro recinto con y sin los da\u00f1os que apoyen cualquier&nbsp;reclamaci\u00f3n.&nbsp;<strong>En el caso del servicio Valet<\/strong>, el cliente ser\u00e1 encargado de revisar el veh\u00edculo y demostrar cualquier&nbsp;da\u00f1o producido por negligencia de la empresa.<\/p>\n\n\n\n<p>La empresa no se har\u00e1 responsable de los fallos mec\u00e1nicos, el\u00e9ctrico, etc mientras el veh\u00edculo est\u00e9 en el parking, como tampoco aceptar\u00e1 responsabilidades por da\u00f1os o pinchazos en las ruedas. Tampoco&nbsp;se har\u00e1 responsable de veh\u00edculos da\u00f1ados por causas naturales como tormentas, inundaciones, incendios, etc.<\/p>\n\n\n\n<p><strong><em>1.3 Contenido de los veh\u00edculos:<br><\/em><\/strong>El cliente debe asegurarse antes de dejar su veh\u00edculo en el parking que las&nbsp;<strong>ventanillas est\u00e9n cerradas<\/strong>, correctamente cerrado y en caso de coches descapotables el techo puesto, as\u00ed como luces y otros&nbsp;<strong>sistemas el\u00e9ctricos desconectados<\/strong>. Adem\u00e1s, debe asegurarse que carga y descarga todo su equipaje y pertenencias.<\/p>\n\n\n\n<p>La empresa no se har\u00e1 responsable de equipaje o pertenencias perdidas u olvidadas en los veh\u00edculos, como tampoco aceptar\u00e1 responsabilidades de da\u00f1os producidos en el veh\u00edculo por tener pertenencias dentro o dejar las ventanillas abiertas.<\/p>\n\n\n\n<h2 class=\"wp-block-heading\">2. Reclamaciones<\/h2>\n\n\n\n<p>Las reclamaciones no se tendr\u00e1n en consideraci\u00f3n por la empresa una vez&nbsp;<strong>el veh\u00edculo haya abandonado el recinto<\/strong>&nbsp;del parking.&nbsp; Si el veh\u00edculo ha sufrido alg\u00fan da\u00f1o mientras ha estado en el parking, el cliente deber\u00e1 comunicarlo lo antes posible en la oficina a alg\u00fan trabajador, el cual abrir\u00e1 un parte y lo entregar\u00e1 al departamento de Servicio al Cliente, siempre antes de abandonar el parking.&nbsp;<strong>En el caso de Servicio Valet<\/strong>, toda reclamaci\u00f3n que no se comunique en la entrega del veh\u00edculo no ser\u00e1 considerada por la empresa.<\/p>\n\n\n\n<p>Si el veh\u00edculo sufriera alg\u00fan da\u00f1o y fuera responsabilidad de la empresa, nos reservamos el derecho de reparar y acondicionar el veh\u00edculo para&nbsp; devolverlo en las mismas condiciones que nos fue entregado, sin que el cliente tenga ning\u00fan derecho a reclamar da\u00f1os despu\u00e9s.<br>En caso de robo del veh\u00edculo o de piezas de este, es responsabilidad del cliente denunciarlo al organismo competente.<\/p>\n\n\n\n<p>El cliente tendr\u00e1 derecho a pedir una hoja de reclamaciones conforme a la ley.<\/p>\n\n\n\n<h2 class=\"wp-block-heading\">3. Respecto al Servicio Transfer<\/h2>\n\n\n\n<p><em><strong>3.1 Llegada al parking:<br><\/strong><\/em>La empresa recomienda al cliente llegar al parking&nbsp;<strong>como m\u00ednimo 20 minutos antes<\/strong>&nbsp;de la hora que desee estar en el aeropuerto.&nbsp;Si el cliente no llega con la suficiente antelaci\u00f3n, la empresa no se hace responsable de la p\u00e9rdida de vuelo. Tampoco se har\u00e1 responsable por el mal estado del tr\u00e1fico u otras circunstancias ajenas a la empresa.<\/p>\n\n\n\n<p><strong><em>3.2 Check-in en oficina<\/em><\/strong><br>Antes de aparcar el veh\u00edculo, el cliente deber\u00e1 entrar a la oficina a realizar el check-in y, en caso de que el pago est\u00e9 pendiente,&nbsp;abonarlo con tarjeta o efectivo.&nbsp;El cliente deber\u00e1 llevar siempre una copia digital o f\u00edsica de su reserva. Sin la identificaci\u00f3n adecuada la empresa se reserva el derecho de permitir aparcar o recoger el veh\u00edculo.<\/p>\n\n\n\n<p><em><strong>3.3 Aparcamiento del veh\u00edculo:<br><\/strong><\/em>El cliente aparcar\u00e1 el veh\u00edculo&nbsp;<strong>cuando y donde le diga un trabajador<\/strong>&nbsp;de la empresa, en las zonas habilitadas para ello. El cliente deber\u00e1 conducir con cuidado, a un m\u00e1ximo de 10km\/h y por las zonas se\u00f1alizadas. Cualquier da\u00f1o ocasionado a otro veh\u00edculo por una mala conducci\u00f3n correr\u00e1 a cargo del cliente (Ver Punto 1.2 Da\u00f1os en los veh\u00edculos). Los trabajadores de la empresa tienen orden de hacer abandonar el recinto del parking a toda aquella persona que ponga en riesgo la seguridad de los veh\u00edculos o de las personas.<\/p>\n\n\n\n<p><em><strong>3.4 Transporte al aeropuerto:<br><\/strong><\/em>El transporte al aeropuerto ofrecido por la empresa es de cortes\u00eda y&nbsp;<strong>funciona bajo demanda las 24 horas del d\u00eda<\/strong>. La empresa se compromete a transportar al cliente hasta el Punto de Concentraci\u00f3n N\u00ba2 de la terminal de Salidas. Las lanzaderas saldr\u00e1n del parking cada 15 minutos, aunque la espera podr\u00eda ser de&nbsp;<strong>hasta 20 minutos<\/strong>. &nbsp;En caso de alta demanda, la empresa transportar\u00e1 \u00fanicamente al&nbsp;<strong>conductor del veh\u00edculo<\/strong>, no haci\u00e9ndose responsable del traslado de sus acompa\u00f1antes.<\/p>\n\n\n\n<p>Para reservas de paginas terceras, entendidas como comparadores de parking, el traslado solo queda incluido para el pasajero, siendo v\u00e1lida la tarifa correspondiente en cada momento para pasajeros extra que facilitar\u00e1 el parking el mismo d\u00eda que se haga la reserva.<\/p>\n\n\n\n<p><em><strong>3.5 Transporte al parking:<br><\/strong><\/em>El transporte al parking ofrecido por la empresa es de cortes\u00eda y funciona bajo demanda las 24 horas del d\u00eda.\u00a0El cliente\u00a0<strong>deber\u00e1 avisar de su aterrizaje<\/strong>\u00a0al n\u00famero de tel\u00e9fono destinado para ello mediante llamada o mensaje de WhatsApp (+34612212784). La empresa se compromete a recoger al cliente en el Punto de Concentraci\u00f3n N\u00ba2 de la terminal de Salidas.\u00a0Las lanzaderas saldr\u00e1n del parking cada 15 minutos, aunque la espera podr\u00eda ser de\u00a0<strong>hasta 20 minutos<\/strong>.\u00a0En caso de alta demanda, la empresa transportar\u00e1 \u00fanicamente al\u00a0<strong>conductor del veh\u00edculo<\/strong>, no haci\u00e9ndose responsable del traslado de sus acompa\u00f1antes.<\/p>\n\n\n\n<h2 class=\"wp-block-heading\">4. Custodia de llaves y movimiento de los veh\u00edculos<\/h2>\n\n\n\n<p>Antes de dejar el coche en el parking, el cliente debe asegurarse que el veh\u00edculo est\u00e9 legalmente documentado y en condiciones para circular ( impuestos, ITV, seguro, etc.). La empresa se reserva el derecho a denegar la entrada al recinto del parking a cualquier veh\u00edculo que no cumpla los requisitos estipulados por la ley espa\u00f1ola.&nbsp;<\/p>\n\n\n\n<p><em><strong>4.1 Custodia de llaves:<\/strong><\/em><br>El cliente tendr\u00e1 la obligaci\u00f3n de custodiar la llave de su veh\u00edculo mientras dure la estancia. No obstante, la empresa podr\u00eda&nbsp;<strong>solicitar al cliente la necesidad de dejar la llave<\/strong>&nbsp;para optimizar el espacio del parking en determinados momentos de alta ocupaci\u00f3n. En el caso del Servicio Valet, la empresa custodiar\u00e1 las llaves y ser\u00e1 responsable en caso de p\u00e9rdida.&nbsp;<\/p>\n\n\n\n<p><em><strong>4.2 Movimiento de los veh\u00edculos:<\/strong><\/em><br>La empresa tiene derecho a&nbsp;<strong>mover cualquier veh\u00edculo<\/strong>&nbsp;del que disponga llave para la optimizaci\u00f3n del espacio del parking. La empresa proceder\u00e1 a mover el veh\u00edculo con gr\u00faa dentro del parking en caso de que no cuente con la llave y lo considere necesario por dificultar el paso de otros veh\u00edculos. El cliente correr\u00e1 a cargo de los gastos generados por mover su veh\u00edculo en caso de no haber seguido las indicaciones de la empresa a la hora de aparcar, o hacerlo obstaculizando el paso de otros veh\u00edculos.<\/p>\n\n\n\n<p>La empresa tambi\u00e9n se reserva el derecho de mover los veh\u00edculos a la v\u00eda p\u00fablica bajo la petici\u00f3n de Agentes del Orden P\u00fablico, polic\u00eda, guardia civil, etc. o para evitar posibles accidentes en caso de emergencia.&nbsp;<\/p>\n\n\n\n<p><em><strong>4.3 Veh\u00edculos abandonados:&nbsp;<br><\/strong><\/em>En caso de vencimiento del periodo reservado sin retirada del veh\u00edculo,&nbsp;la empresa har\u00e1 todo lo posible por contactar con el cliente.&nbsp;Si en un&nbsp;<strong>plazo no superior a 24 meses<\/strong>&nbsp;no hubiera respuesta, la empresa tomar\u00e1 las medidas legales oportunas para el cobro de la deuda generada y se dar\u00e1 parte al organismo competente para la retirada del veh\u00edculo del recinto del parking, corriendo el cliente con todos los gastos ocasionados y siendo estos reclamados legalmente.&nbsp;<\/p>\n\n\n\n<h2 class=\"wp-block-heading\">5. Respecto al servicio Valet<\/h2>\n\n\n\n<p><em><strong>5.1 Horario del servicio:<br><\/strong><\/em>El horario del servicio Valet es&nbsp;<strong>desde las 5:00 hasta las 0:00<\/strong>. Fuera de este horario no se recoger\u00e1 o entregar\u00e1 ning\u00fan veh\u00edculo en la terminal.&nbsp;<\/p>\n\n\n\n<p><em><strong>5.2 Recogida del veh\u00edculo:<\/strong><\/em><br>Un trabajador correctamente acreditado recoger\u00e1 el veh\u00edculo en la\u00a0<strong>terminal de Salidas<\/strong>, dentro del Parking Express (10 minutos gratuitos).\u00a0<strong>El cliente deber\u00e1 avisar 15 minutos antes<\/strong>\u00a0de su llegada al punto acordado llamando a nuestro n\u00famero de tel\u00e9fono +34612212784. En caso de faltar el pago del parking, el cliente deber\u00e1 abonar en este momento el importe.\u00a0El cliente deber\u00e1 llevar siempre una copia digital o f\u00edsica de su reserva. Sin la identificaci\u00f3n adecuada la empresa se reserva el derecho de permitir aparcar o recoger el veh\u00edculo.<\/p>\n\n\n\n<p><em><strong>5.3 Entrega del veh\u00edculo:<\/strong><\/em><br>Un miembro de nuestro staff entregar\u00e1 el veh\u00edculo en la\u00a0<strong>terminal de Salidas<\/strong>, al final del Parking Express. El cliente deber\u00e1 avisar cuando est\u00e9 en disposici\u00f3n de recoger el veh\u00edculo. El servicio Valet no es un servicio inmediato,\u00a0<strong>calculamos unos 15 minutos<\/strong>\u00a0desde que el cliente avise para realizar la entrega, ya que el parking express del aeropuerto consta de 10 minutos gratuitos. El cliente tendr\u00e1 obligaci\u00f3n de revisar su veh\u00edculo en este momento.\u00a0Ver Punto 2 (Reclamaciones).<\/p>\n\n\n\n<p><em><strong>5.4 Cambio por Servicio Transfer:<\/strong><\/em><br>La empresa se reserva el derecho a\u00a0<strong>cambiar el servicio a Transfer<\/strong>\u00a0en caso de que la hora (en la recogida o en la entrega) sea distinta a la previamente reservada.\u00a0Si por retraso del vuelo u otras\u00a0circunstancias\u00a0la entrega sobrepasa las 0:00, se recoger\u00e1 al cliente en nuestro Servicio Transfer 24h para transportarle al aparcamiento y recoger su veh\u00edculo.<\/p>\n\n\n\n<h2 class=\"wp-block-heading\">6. Precios, modificaciones y cancelaciones de reserva<\/h2>\n\n\n\n<p><em><strong>6.1 Precio de la estancia:<\/strong><\/em><br>Los precios de parking reflejados en esta web se corresponden con motos y turismos de tama\u00f1o medio y se contabilizan como bloques de 24 horas. La empresa podr\u00e1 cobrar un coste extra si considera que el veh\u00edculo a aparcar excede el tama\u00f1o de una plaza. Los precios podr\u00e1n variar por periodos de alta o baja temporada. Aun cuando la empresa har\u00e1 todo lo posible por mantener los precios, se reserva el derecho de cambiar los precios sin previo aviso.<\/p>\n\n\n\n<p>Si el cliente extiende la estancia del veh\u00edculo 1 noche, deber\u00e1 abonar 6.00\u20ac a la empresa en concepto de d\u00eda extra. En&nbsp;caso de extender la estancia 2 o m\u00e1s noches, el precio ser\u00e1 el de una nueva reserva, a considerar desde el momento en que expir\u00f3 la anterior reserva.<\/p>\n\n\n\n<p><em><strong>6.2 Modificaci\u00f3n o cancelaci\u00f3n de reserva<\/strong><\/em><br>El cliente podr\u00e1 modificar o cancelar su reserva sin coste hasta 24 horas antes la llegada al parking. Las cancelaciones y no-shows que no se avisen con 24 horas de antelaci\u00f3n se pagar\u00e1n igualmente, salvo que se especifique de otra manera.<\/p>\n\n\n\n<p>Si el cliente sufriera la cancelaci\u00f3n o p\u00e9rdida de un vuelo, podr\u00e1 reclamar el importe abonado al parking a la compa\u00f1\u00eda a\u00e9rea, no siendo responsable la empresa de la devoluci\u00f3n de dicho importe.&nbsp;Si el cliente recoge su veh\u00edculo antes de la fecha de salida del parking programada, no tendr\u00e1 derecho a devoluci\u00f3n por los d\u00edas \u00abno disfrutados\u00bb.<\/p>\n","protected":false},"excerpt":{"rendered":"<p>1. Responsabilidades de la empresa 1.1 Seguridad del recinto:La empresa har\u00e1 todos los esfuerzos posibles por mantener el parking protegido [&hellip;]<\/p>\n","protected":false},"author":5,"featured_media":0,"parent":0,"menu_order":0,"comment_status":"closed","ping_status":"closed","template":"","meta":{"site-sidebar-layout":"default","site-content-layout":"","ast-site-content-layout":"default","site-content-style":"default","site-sidebar-style":"default","ast-global-header-display":"","ast-banner-title-visibility":"","ast-main-header-display":"","ast-hfb-above-header-display":"","ast-hfb-below-header-display":"","ast-hfb-mobile-header-display":"","site-post-title":"","ast-breadcrumbs-content":"","ast-featured-img":"","footer-sml-layout":"","theme-transparent-header-meta":"","adv-header-id-meta":"","stick-header-meta":"","header-above-stick-meta":"","header-main-stick-meta":"","header-below-stick-meta":"","astra-migrate-meta-layouts":"default","ast-page-background-enabled":"default","ast-page-background-meta":{"desktop":{"background-color":"var(--ast-global-color-4)","background-image":"","background-repeat":"repeat","background-position":"center center","background-size":"auto","background-attachment":"scroll","background-type":"","background-media":"","overlay-type":"","overlay-color":"","overlay-opacity":"","overlay-gradient":""},"tablet":{"background-color":"","background-image":"","background-repeat":"repeat","background-position":"center center","background-size":"auto","background-attachment":"scroll","background-type":"","background-media":"","overlay-type":"","overlay-color":"","overlay-opacity":"","overlay-gradient":""},"mobile":{"background-color":"","background-image":"","background-repeat":"repeat","background-position":"center center","background-size":"auto","background-attachment":"scroll","background-type":"","background-media":"","overlay-type":"","overlay-color":"","overlay-opacity":"","overlay-gradient":""}},"ast-content-background-meta":{"desktop":{"background-color":"var(--ast-global-color-5)","background-image":"","background-repeat":"repeat","background-position":"center center","background-size":"auto","background-attachment":"scroll","background-type":"","background-media":"","overlay-type":"","overlay-color":"","overlay-opacity":"","overlay-gradient":""},"tablet":{"background-color":"var(--ast-global-color-5)","background-image":"","background-repeat":"repeat","background-position":"center center","background-size":"auto","background-attachment":"scroll","background-type":"","background-media":"","overlay-type":"","overlay-color":"","overlay-opacity":"","overlay-gradient":""},"mobile":{"background-color":"var(--ast-global-color-5)","background-image":"","background-repeat":"repeat","background-position":"center center","background-size":"auto","background-attachment":"scroll","background-type":"","background-media":"","overlay-type":"","overlay-color":"","overlay-opacity":"","overlay-gradient":""}},"footnotes":""},"class_list":["post-5714","page","type-page","status-publish","hentry"],"yoast_head":"<!-- This site is optimized with the Yoast SEO plugin v27.4 - https:\/\/yoast.com\/product\/yoast-seo-wordpress\/ -->\n<title>T\u00e9rminos y condiciones - PCPA Parking Aeropuerto Alicante<\/title>\n<meta name=\"robots\" content=\"index, follow, max-snippet:-1, max-image-preview:large, max-video-preview:-1\" \/>\n<link rel=\"canonical\" href=\"https:\/\/pcpaparking.es\/en\/terminos-y-condiciones\/\" \/>\n<meta property=\"og:locale\" content=\"en_US\" \/>\n<meta property=\"og:type\" content=\"article\" \/>\n<meta property=\"og:title\" content=\"T\u00e9rminos y condiciones - PCPA Parking Aeropuerto Alicante\" \/>\n<meta property=\"og:description\" content=\"1. Responsabilidades de la empresa 1.1 Seguridad del recinto:La empresa har\u00e1 todos los esfuerzos posibles por mantener el parking protegido [&hellip;]\" \/>\n<meta property=\"og:url\" content=\"https:\/\/pcpaparking.es\/en\/terminos-y-condiciones\/\" \/>\n<meta property=\"og:site_name\" content=\"PCPA Parking Aeropuerto Alicante\" \/>\n<meta property=\"article:modified_time\" content=\"2026-03-30T11:01:05+00:00\" \/>\n<meta name=\"twitter:card\" content=\"summary_large_image\" \/>\n<meta name=\"twitter:label1\" content=\"Est. reading time\" \/>\n\t<meta name=\"twitter:data1\" content=\"10 minutes\" \/>\n<script type=\"application\/ld+json\" class=\"yoast-schema-graph\">{\"@context\":\"https:\\\/\\\/schema.org\",\"@graph\":[{\"@type\":\"WebPage\",\"@id\":\"https:\\\/\\\/pcpaparking.es\\\/en\\\/terminos-y-condiciones\\\/\",\"url\":\"https:\\\/\\\/pcpaparking.es\\\/en\\\/terminos-y-condiciones\\\/\",\"name\":\"T\u00e9rminos y condiciones - PCPA Parking Aeropuerto Alicante\",\"isPartOf\":{\"@id\":\"https:\\\/\\\/pcpaparking.es\\\/#website\"},\"datePublished\":\"2025-10-20T11:06:29+00:00\",\"dateModified\":\"2026-03-30T11:01:05+00:00\",\"breadcrumb\":{\"@id\":\"https:\\\/\\\/pcpaparking.es\\\/en\\\/terminos-y-condiciones\\\/#breadcrumb\"},\"inLanguage\":\"en-US\",\"potentialAction\":[{\"@type\":\"ReadAction\",\"target\":[\"https:\\\/\\\/pcpaparking.es\\\/en\\\/terminos-y-condiciones\\\/\"]}]},{\"@type\":\"BreadcrumbList\",\"@id\":\"https:\\\/\\\/pcpaparking.es\\\/en\\\/terminos-y-condiciones\\\/#breadcrumb\",\"itemListElement\":[{\"@type\":\"ListItem\",\"position\":1,\"name\":\"Portada\",\"item\":\"https:\\\/\\\/pcpaparking.es\\\/en\\\/home-2\\\/\"},{\"@type\":\"ListItem\",\"position\":2,\"name\":\"T\u00e9rminos y condiciones\"}]},{\"@type\":\"WebSite\",\"@id\":\"https:\\\/\\\/pcpaparking.es\\\/#website\",\"url\":\"https:\\\/\\\/pcpaparking.es\\\/\",\"name\":\"PCPA Parking\",\"description\":\"Reserva tu aparcamiento cerca del Aeropuerto de Alicante - Elche Miguel Hern\u00e1ndez\",\"publisher\":{\"@id\":\"https:\\\/\\\/pcpaparking.es\\\/#organization\"},\"potentialAction\":[{\"@type\":\"SearchAction\",\"target\":{\"@type\":\"EntryPoint\",\"urlTemplate\":\"https:\\\/\\\/pcpaparking.es\\\/?s={search_term_string}\"},\"query-input\":{\"@type\":\"PropertyValueSpecification\",\"valueRequired\":true,\"valueName\":\"search_term_string\"}}],\"inLanguage\":\"en-US\"},{\"@type\":\"Organization\",\"@id\":\"https:\\\/\\\/pcpaparking.es\\\/#organization\",\"name\":\"PCPA parking\",\"url\":\"https:\\\/\\\/pcpaparking.es\\\/\",\"logo\":{\"@type\":\"ImageObject\",\"inLanguage\":\"en-US\",\"@id\":\"https:\\\/\\\/pcpaparking.es\\\/#\\\/schema\\\/logo\\\/image\\\/\",\"url\":\"https:\\\/\\\/pcpaparking.es\\\/wp-content\\\/uploads\\\/2025\\\/09\\\/PCPA-Cars.jpg\",\"contentUrl\":\"https:\\\/\\\/pcpaparking.es\\\/wp-content\\\/uploads\\\/2025\\\/09\\\/PCPA-Cars.jpg\",\"width\":1536,\"height\":325,\"caption\":\"PCPA parking\"},\"image\":{\"@id\":\"https:\\\/\\\/pcpaparking.es\\\/#\\\/schema\\\/logo\\\/image\\\/\"}}]}<\/script>\n<!-- \/ Yoast SEO plugin. -->","yoast_head_json":{"title":"T\u00e9rminos y condiciones - PCPA Parking Aeropuerto Alicante","robots":{"index":"index","follow":"follow","max-snippet":"max-snippet:-1","max-image-preview":"max-image-preview:large","max-video-preview":"max-video-preview:-1"},"canonical":"https:\/\/pcpaparking.es\/en\/terminos-y-condiciones\/","og_locale":"en_US","og_type":"article","og_title":"T\u00e9rminos y condiciones - PCPA Parking Aeropuerto Alicante","og_description":"1. Responsabilidades de la empresa 1.1 Seguridad del recinto:La empresa har\u00e1 todos los esfuerzos posibles por mantener el parking protegido [&hellip;]","og_url":"https:\/\/pcpaparking.es\/en\/terminos-y-condiciones\/","og_site_name":"PCPA Parking Aeropuerto Alicante","article_modified_time":"2026-03-30T11:01:05+00:00","twitter_card":"summary_large_image","twitter_misc":{"Est. reading time":"10 minutes"},"schema":{"@context":"https:\/\/schema.org","@graph":[{"@type":"WebPage","@id":"https:\/\/pcpaparking.es\/en\/terminos-y-condiciones\/","url":"https:\/\/pcpaparking.es\/en\/terminos-y-condiciones\/","name":"T\u00e9rminos y condiciones - PCPA Parking Aeropuerto Alicante","isPartOf":{"@id":"https:\/\/pcpaparking.es\/#website"},"datePublished":"2025-10-20T11:06:29+00:00","dateModified":"2026-03-30T11:01:05+00:00","breadcrumb":{"@id":"https:\/\/pcpaparking.es\/en\/terminos-y-condiciones\/#breadcrumb"},"inLanguage":"en-US","potentialAction":[{"@type":"ReadAction","target":["https:\/\/pcpaparking.es\/en\/terminos-y-condiciones\/"]}]},{"@type":"BreadcrumbList","@id":"https:\/\/pcpaparking.es\/en\/terminos-y-condiciones\/#breadcrumb","itemListElement":[{"@type":"ListItem","position":1,"name":"Portada","item":"https:\/\/pcpaparking.es\/en\/home-2\/"},{"@type":"ListItem","position":2,"name":"T\u00e9rminos y condiciones"}]},{"@type":"WebSite","@id":"https:\/\/pcpaparking.es\/#website","url":"https:\/\/pcpaparking.es\/","name":"PCPA Parking","description":"Reserva tu aparcamiento cerca del Aeropuerto de Alicante - Elche Miguel Hern\u00e1ndez","publisher":{"@id":"https:\/\/pcpaparking.es\/#organization"},"potentialAction":[{"@type":"SearchAction","target":{"@type":"EntryPoint","urlTemplate":"https:\/\/pcpaparking.es\/?s={search_term_string}"},"query-input":{"@type":"PropertyValueSpecification","valueRequired":true,"valueName":"search_term_string"}}],"inLanguage":"en-US"},{"@type":"Organization","@id":"https:\/\/pcpaparking.es\/#organization","name":"PCPA parking","url":"https:\/\/pcpaparking.es\/","logo":{"@type":"ImageObject","inLanguage":"en-US","@id":"https:\/\/pcpaparking.es\/#\/schema\/logo\/image\/","url":"https:\/\/pcpaparking.es\/wp-content\/uploads\/2025\/09\/PCPA-Cars.jpg","contentUrl":"https:\/\/pcpaparking.es\/wp-content\/uploads\/2025\/09\/PCPA-Cars.jpg","width":1536,"height":325,"caption":"PCPA parking"},"image":{"@id":"https:\/\/pcpaparking.es\/#\/schema\/logo\/image\/"}}]}},"_hostinger_reach_plugin_has_subscription_block":false,"_hostinger_reach_plugin_is_elementor":false,"_links":{"self":[{"href":"https:\/\/pcpaparking.es\/en\/wp-json\/wp\/v2\/pages\/5714","targetHints":{"allow":["GET"]}}],"collection":[{"href":"https:\/\/pcpaparking.es\/en\/wp-json\/wp\/v2\/pages"}],"about":[{"href":"https:\/\/pcpaparking.es\/en\/wp-json\/wp\/v2\/types\/page"}],"author":[{"embeddable":true,"href":"https:\/\/pcpaparking.es\/en\/wp-json\/wp\/v2\/users\/5"}],"replies":[{"embeddable":true,"href":"https:\/\/pcpaparking.es\/en\/wp-json\/wp\/v2\/comments?post=5714"}],"version-history":[{"count":1,"href":"https:\/\/pcpaparking.es\/en\/wp-json\/wp\/v2\/pages\/5714\/revisions"}],"predecessor-version":[{"id":5715,"href":"https:\/\/pcpaparking.es\/en\/wp-json\/wp\/v2\/pages\/5714\/revisions\/5715"}],"wp:attachment":[{"href":"https:\/\/pcpaparking.es\/en\/wp-json\/wp\/v2\/media?parent=5714"}],"curies":[{"name":"wp","href":"https:\/\/api.w.org\/{rel}","templated":true}]}}